{"id":37,"date":"2024-07-17T00:08:26","date_gmt":"2024-07-16T22:08:26","guid":{"rendered":"https:\/\/consilia-libera.de\/?page_id=37"},"modified":"2024-07-17T00:08:26","modified_gmt":"2024-07-16T22:08:26","slug":"impressum","status":"publish","type":"page","link":"https:\/\/consilia-libera.de\/en\/impressum\/","title":{"rendered":"Imprint"},"content":{"rendered":"<h6 class=\"wp-block-heading\"><\/h6>\n\n\n\n<p>Consilia Libera Unternehmensberatung<br>Dr. Ulrich Rummel<br>Schubertstra\u00dfe 14<br>60325 Frankfurt am Main<br>Telefon &nbsp;&nbsp;&nbsp;&nbsp;&nbsp;&nbsp;&nbsp;&nbsp;&nbsp;&nbsp;&nbsp;&nbsp;&nbsp; +49 69 74304870<br>Telefax &nbsp;&nbsp;&nbsp;&nbsp;&nbsp;&nbsp;&nbsp;&nbsp;&nbsp;&nbsp;&nbsp;&nbsp;&nbsp; +49 69 743048769<\/p>\n\n\n\n<p>E-Mail&nbsp;&nbsp; &nbsp;&nbsp;&nbsp;&nbsp;&nbsp;&nbsp;&nbsp;&nbsp;&nbsp;&nbsp;&nbsp;&nbsp;&nbsp;rummel@consilia-libera.de<br>Internet&nbsp;&nbsp;&nbsp;&nbsp;&nbsp;&nbsp;&nbsp;&nbsp;&nbsp;&nbsp;&nbsp;&nbsp;&nbsp; http:\/\/www.consilia-libera.de<\/p>\n\n\n\n<p>Umsatzsteueridentifikationsnummer: &nbsp;&nbsp;&nbsp;&nbsp;&nbsp;&nbsp;&nbsp;&nbsp;&nbsp;&nbsp;&nbsp;&nbsp;&nbsp;&nbsp;&nbsp;&nbsp; DE 222 511 673<br>Inhaltlich verantwortlich gem\u00e4\u00df \u00a7 5 TMG: &nbsp;&nbsp;&nbsp;&nbsp;&nbsp;&nbsp;&nbsp;&nbsp;&nbsp; Dr. Ulrich Rummel<\/p>\n\n\n\n<p><strong>Haftung f\u00fcr Inhalte<\/strong><br><strong>&nbsp;<\/strong><br>Die Inhalte dieser Website wurden mit gr\u00f6\u00dfter Sorgfalt erstellt. Die Nutzung der Inhalte erfolgt auf eigenes Risiko des Nutzers. Sie dienen nur der Information des Nutzers ohne Haftung oder Garantie f\u00fcr deren Aktualit\u00e4t und Vollst\u00e4ndigkeit.<\/p>\n\n\n\n<p><strong>Urheberrecht<\/strong><br><strong>&nbsp;<\/strong><br>Consilia Libera ist bem\u00fcht, stets die Urheberrechte anderer zu beachten bzw. auf selbst erstellte sowie lizenzfreie Werke zur\u00fcckzugreifen. Der Inhalt dieser Website ist urheberrechtlich gesch\u00fctzt und unterliegt dem deutschen Urheberrecht. Beitr\u00e4ge Dritter sind als solche gekennzeichnet. Die Vervielf\u00e4ltigung, Bearbeitung, Verbreitung und jede Art der Verwertung au\u00dferhalb der Grenzen des Urheberrechtes bed\u00fcrfen der schriftlichen Zustimmung des jeweiligen Autors bzw. Erstellers. Downloads und Kopien dieser Seite sind nur f\u00fcr den nicht kommerziellen Gebrauch gestattet. Die Speicherung und Vervielf\u00e4ltigung von Bildmaterial aus dieser Website ist jedoch nicht gestattet.<\/p>\n\n\n\n<p><strong>Data Protection<\/strong><br><strong>&nbsp;<\/strong><br>Soweit auf unseren Seiten personenbezogene Daten (beispielsweise Name, Anschrift oder E-Mail-Adressen) erhoben werden, erfolgt dies soweit m\u00f6glich stets auf freiwilliger Basis. Die Nutzung der Angebote und Dienste ist, soweit m\u00f6glich, stets ohne Angabe personenbezogener Daten m\u00f6glich. Der Nutzung von im Rahmen der Impressumspflicht ver\u00f6ffentlichten Kontaktdaten durch Dritte zur \u00dcbersendung von nicht ausdr\u00fccklich angeforderter Werbung und Informationsmaterialien wird hiermit ausdr\u00fccklich widersprochen. Die Betreiber der Seiten behalten sich ausdr\u00fccklich rechtliche Schritte im Falle der unverlangten Zusendung von Werbeinformationen, etwa durch Spam-Mails, vor.<\/p>\n\n\n\n<p><strong>Links<\/strong><br><strong>&nbsp;<\/strong><br>Consilia Libera \u00fcbernimmt keine Haftung oder Garantie f\u00fcr verkn\u00fcpfte Websites Dritter (externe Links). Diese Websites unterliegen der Haftung der jeweiligen Betreiber, denn wir haben keinerlei Einfluss auf die aktuelle und k\u00fcnftige Gestaltung und die Inhalte der verkn\u00fcpften Seiten. Das Setzen von externen Links bedeutet nicht, dass wir uns die hinter dem Verweis oder Link liegenden Inhalte zu Eigen machen. Bei Kenntnis von Rechtsverst\u00f6\u00dfen oder Hinweisen darauf werden derartige Links unverz\u00fcglich gel\u00f6scht.<\/p>\n\n\n\n<p><strong>Rechtswirksamkeit des Haftungsausschlusses<\/strong><br><strong>&nbsp;<\/strong><br>Dieser Disclaimer ist als Teil des Internet-Auftritts zu betrachten, von dem aus auf diesen verwiesen wurde. Sofern Teile oder einzelne Formulierungen der geltenden Rechtslage nicht, nicht mehr oder nicht vollst\u00e4ndig entsprechen sollten, bleiben die \u00fcbrigen Teile des Dokumentes in ihrem Inhalt und ihrer G\u00fcltigkeit davon unber\u00fchrt.<\/p>","protected":false},"excerpt":{"rendered":"<p>Consilia Libera UnternehmensberatungDr. Ulrich RummelSchubertstra\u00dfe 1460325 Frankfurt am MainTelefon &nbsp;&nbsp;&nbsp;&nbsp;&nbsp;&nbsp;&nbsp;&nbsp;&nbsp;&nbsp;&nbsp;&nbsp;&nbsp; +49 69 74304870Telefax &nbsp;&nbsp;&nbsp;&nbsp;&nbsp;&nbsp;&nbsp;&nbsp;&nbsp;&nbsp;&nbsp;&nbsp;&nbsp; +49 69 743048769 E-Mail&nbsp;&nbsp; &nbsp;&nbsp;&nbsp;&nbsp;&nbsp;&nbsp;&nbsp;&nbsp;&nbsp;&nbsp;&nbsp;&nbsp;&nbsp;rummel@consilia-libera.deInternet&nbsp;&nbsp;&nbsp;&nbsp;&nbsp;&nbsp;&nbsp;&nbsp;&nbsp;&nbsp;&nbsp;&nbsp;&nbsp; http:\/\/www.consilia-libera.de Umsatzsteueridentifikationsnummer: &nbsp;&nbsp;&nbsp;&nbsp;&nbsp;&nbsp;&nbsp;&nbsp;&nbsp;&nbsp;&nbsp;&nbsp;&nbsp;&nbsp;&nbsp;&nbsp; DE 222 511 673Inhaltlich verantwortlich gem\u00e4\u00df \u00a7 5 TMG: &nbsp;&nbsp;&nbsp;&nbsp;&nbsp;&nbsp;&nbsp;&nbsp;&nbsp; Dr. Ulrich Rummel Haftung f\u00fcr Inhalte&nbsp;Die Inhalte dieser Website wurden mit gr\u00f6\u00dfter Sorgfalt erstellt. Die Nutzung der Inhalte erfolgt auf eigenes Risiko des [&hellip;]<\/p>","protected":false},"author":1,"featured_media":0,"parent":0,"menu_order":0,"comment_status":"closed","ping_status":"closed","template":"","meta":{"footnotes":""},"class_list":["post-37","page","type-page","status-publish","hentry"],"_links":{"self":[{"href":"https:\/\/consilia-libera.de\/en\/wp-json\/wp\/v2\/pages\/37","targetHints":{"allow":["GET"]}}],"collection":[{"href":"https:\/\/consilia-libera.de\/en\/wp-json\/wp\/v2\/pages"}],"about":[{"href":"https:\/\/consilia-libera.de\/en\/wp-json\/wp\/v2\/types\/page"}],"author":[{"embeddable":true,"href":"https:\/\/consilia-libera.de\/en\/wp-json\/wp\/v2\/users\/1"}],"replies":[{"embeddable":true,"href":"https:\/\/consilia-libera.de\/en\/wp-json\/wp\/v2\/comments?post=37"}],"version-history":[{"count":1,"href":"https:\/\/consilia-libera.de\/en\/wp-json\/wp\/v2\/pages\/37\/revisions"}],"predecessor-version":[{"id":38,"href":"https:\/\/consilia-libera.de\/en\/wp-json\/wp\/v2\/pages\/37\/revisions\/38"}],"wp:attachment":[{"href":"https:\/\/consilia-libera.de\/en\/wp-json\/wp\/v2\/media?parent=37"}],"curies":[{"name":"wp","href":"https:\/\/api.w.org\/{rel}","templated":true}]}}